{"id":1940,"date":"2019-04-01T14:03:22","date_gmt":"2019-04-01T14:03:22","guid":{"rendered":"https:\/\/a2dv.onesource.pt\/a2dv-generation-contacte-nos\/"},"modified":"2020-10-26T11:37:05","modified_gmt":"2020-10-26T11:37:05","slug":"a2dv-generation-contacte-nos","status":"publish","type":"page","link":"https:\/\/a2dv.pt\/pt-pt\/a2dv-generation-contacte-nos\/","title":{"rendered":"A2DV Generation &#8211; Contacte-nos"},"content":{"rendered":"\t\t<div data-elementor-type=\"wp-post\" data-elementor-id=\"1940\" class=\"elementor elementor-1940 elementor-1923\">\n\t\t\t\t\t\t<div class=\"elementor-inner\">\n\t\t\t\t<div class=\"elementor-section-wrap\">\n\t\t\t\t\t\t\t\t\t<section class=\"elementor-section elementor-top-section elementor-element elementor-element-1d74a901 elementor-section-content-middle elementor-section-boxed elementor-section-height-default elementor-section-height-default\" data-id=\"1d74a901\" data-element_type=\"section\" data-settings=\"{&quot;background_background&quot;:&quot;classic&quot;}\">\n\t\t\t\t\t\t\t<div class=\"elementor-background-overlay\"><\/div>\n\t\t\t\t\t\t\t<div class=\"elementor-container elementor-column-gap-no\">\n\t\t\t\t\t\t\t<div class=\"elementor-row\">\n\t\t\t\t\t<div class=\"elementor-column elementor-col-100 elementor-top-column elementor-element elementor-element-10e4f41a\" data-id=\"10e4f41a\" data-element_type=\"column\">\n\t\t\t<div class=\"elementor-column-wrap elementor-element-populated\">\n\t\t\t\t\t\t\t<div class=\"elementor-widget-wrap\">\n\t\t\t\t\t\t<div class=\"elementor-element elementor-element-e97317e elementor-widget elementor-widget-heading\" data-id=\"e97317e\" data-element_type=\"widget\" data-widget_type=\"heading.default\">\n\t\t\t\t<div class=\"elementor-widget-container\">\n\t\t\t<h4 class=\"elementor-heading-title elementor-size-default\">A2DV Generation<\/h4>\t\t<\/div>\n\t\t\t\t<\/div>\n\t\t\t\t<div class=\"elementor-element elementor-element-2999e47 elementor-widget elementor-widget-heading\" data-id=\"2999e47\" data-element_type=\"widget\" data-widget_type=\"heading.default\">\n\t\t\t\t<div class=\"elementor-widget-container\">\n\t\t\t<h1 class=\"elementor-heading-title elementor-size-default\">Contacte-nos<\/h1>\t\t<\/div>\n\t\t\t\t<\/div>\n\t\t\t\t\t\t<\/div>\n\t\t\t\t\t<\/div>\n\t\t<\/div>\n\t\t\t\t\t\t\t\t<\/div>\n\t\t\t\t\t<\/div>\n\t\t<\/section>\n\t\t\t\t<section class=\"elementor-section elementor-top-section elementor-element elementor-element-8ce16ad elementor-section-boxed elementor-section-height-default elementor-section-height-default\" data-id=\"8ce16ad\" data-element_type=\"section\" data-settings=\"{&quot;background_background&quot;:&quot;classic&quot;}\">\n\t\t\t\t\t\t<div class=\"elementor-container elementor-column-gap-default\">\n\t\t\t\t\t\t\t<div class=\"elementor-row\">\n\t\t\t\t\t<div class=\"elementor-column elementor-col-50 elementor-top-column elementor-element elementor-element-2258374\" data-id=\"2258374\" data-element_type=\"column\">\n\t\t\t<div class=\"elementor-column-wrap elementor-element-populated\">\n\t\t\t\t\t\t\t<div class=\"elementor-widget-wrap\">\n\t\t\t\t\t\t<div class=\"elementor-element elementor-element-7d3ec1d elementor-widget elementor-widget-heading\" data-id=\"7d3ec1d\" data-element_type=\"widget\" data-widget_type=\"heading.default\">\n\t\t\t\t<div class=\"elementor-widget-container\">\n\t\t\t<h3 class=\"elementor-heading-title elementor-size-default\">Quest\u00f5es gerais<\/h3>\t\t<\/div>\n\t\t\t\t<\/div>\n\t\t\t\t<div class=\"elementor-element elementor-element-1fa62de elementor-widget-divider--view-line elementor-widget elementor-widget-divider\" data-id=\"1fa62de\" data-element_type=\"widget\" data-widget_type=\"divider.default\">\n\t\t\t\t<div class=\"elementor-widget-container\">\n\t\t\t\t\t<div class=\"elementor-divider\">\n\t\t\t<span class=\"elementor-divider-separator\">\n\t\t\t\t\t\t<\/span>\n\t\t<\/div>\n\t\t\t\t<\/div>\n\t\t\t\t<\/div>\n\t\t\t\t<div class=\"elementor-element elementor-element-1624dea elementor-widget elementor-widget-shortcode\" data-id=\"1624dea\" data-element_type=\"widget\" data-widget_type=\"shortcode.default\">\n\t\t\t\t<div class=\"elementor-widget-container\">\n\t\t\t\t\t<div class=\"elementor-shortcode\">\n<div class=\"wpcf7 no-js\" id=\"wpcf7-f1929-o1\" lang=\"en-US\" dir=\"ltr\">\n<div class=\"screen-reader-response\"><p role=\"status\" aria-live=\"polite\" aria-atomic=\"true\"><\/p> <ul><\/ul><\/div>\n<form action=\"\/pt-pt\/wp-json\/wp\/v2\/pages\/1940#wpcf7-f1929-o1\" method=\"post\" class=\"wpcf7-form init\" aria-label=\"Contact form\" novalidate=\"novalidate\" data-status=\"init\">\n<div style=\"display: none;\">\n<input type=\"hidden\" name=\"_wpcf7\" value=\"1929\" \/>\n<input type=\"hidden\" name=\"_wpcf7_version\" value=\"5.7.4\" \/>\n<input type=\"hidden\" name=\"_wpcf7_locale\" value=\"en_US\" \/>\n<input type=\"hidden\" name=\"_wpcf7_unit_tag\" value=\"wpcf7-f1929-o1\" \/>\n<input type=\"hidden\" name=\"_wpcf7_container_post\" value=\"0\" \/>\n<input type=\"hidden\" name=\"_wpcf7_posted_data_hash\" value=\"\" \/>\n<input type=\"hidden\" name=\"_wpcf7_recaptcha_response\" value=\"\" \/>\n<\/div>\n<p><label> Nome*<br \/>\n<span class=\"wpcf7-form-control-wrap\" data-name=\"your-name\"><input size=\"40\" class=\"wpcf7-form-control wpcf7-text wpcf7-validates-as-required\" aria-required=\"true\" aria-invalid=\"false\" value=\"\" type=\"text\" name=\"your-name\" \/><\/span> <\/label>\n<\/p>\n<p><label> Email*<br \/>\n<span class=\"wpcf7-form-control-wrap\" data-name=\"your-email\"><input size=\"40\" class=\"wpcf7-form-control wpcf7-text wpcf7-email wpcf7-validates-as-required wpcf7-validates-as-email\" aria-required=\"true\" aria-invalid=\"false\" value=\"\" type=\"email\" name=\"your-email\" \/><\/span> <\/label>\n<\/p>\n<p><label> N\u00famero de telefone:<br \/>\n<span class=\"wpcf7-form-control-wrap\" data-name=\"number\"><input class=\"wpcf7-form-control wpcf7-number wpcf7-validates-as-number\" min=\"0\" aria-invalid=\"false\" value=\"\" type=\"number\" name=\"number\" \/><\/span> <\/label>\n<\/p>\n<p><label> Mensagem*<br \/>\n<span class=\"wpcf7-form-control-wrap\" data-name=\"textarea-107\"><textarea cols=\"40\" rows=\"10\" class=\"wpcf7-form-control wpcf7-textarea wpcf7-validates-as-required\" aria-required=\"true\" aria-invalid=\"false\" name=\"textarea-107\"><\/textarea><\/span> <\/label>\n<\/p>\n<p><input class=\"wpcf7-form-control has-spinner wpcf7-submit\" type=\"submit\" value=\"Enviar\" \/>\n<\/p><div class=\"wpcf7-response-output\" aria-hidden=\"true\"><\/div>\n<\/form>\n<\/div>\n<\/div>\n\t\t\t\t<\/div>\n\t\t\t\t<\/div>\n\t\t\t\t<div class=\"elementor-element elementor-element-863c185 elementor-widget elementor-widget-heading\" data-id=\"863c185\" data-element_type=\"widget\" data-widget_type=\"heading.default\">\n\t\t\t\t<div class=\"elementor-widget-container\">\n\t\t\t<h6 class=\"elementor-heading-title elementor-size-default\">* Este campo \u00e9 obrigat\u00f3rio<\/h6>\t\t<\/div>\n\t\t\t\t<\/div>\n\t\t\t\t\t\t<\/div>\n\t\t\t\t\t<\/div>\n\t\t<\/div>\n\t\t\t\t<div class=\"elementor-column elementor-col-50 elementor-top-column elementor-element elementor-element-dfe749d\" data-id=\"dfe749d\" data-element_type=\"column\">\n\t\t\t<div class=\"elementor-column-wrap elementor-element-populated\">\n\t\t\t\t\t\t\t<div class=\"elementor-widget-wrap\">\n\t\t\t\t\t\t<div class=\"elementor-element elementor-element-81e226e elementor-widget elementor-widget-heading\" data-id=\"81e226e\" data-element_type=\"widget\" data-widget_type=\"heading.default\">\n\t\t\t\t<div class=\"elementor-widget-container\">\n\t\t\t<h3 class=\"elementor-heading-title elementor-size-default\">Proposta art\u00edstica<\/h3>\t\t<\/div>\n\t\t\t\t<\/div>\n\t\t\t\t<div class=\"elementor-element elementor-element-7fb7a84 elementor-widget-divider--view-line elementor-widget elementor-widget-divider\" data-id=\"7fb7a84\" data-element_type=\"widget\" data-widget_type=\"divider.default\">\n\t\t\t\t<div class=\"elementor-widget-container\">\n\t\t\t\t\t<div class=\"elementor-divider\">\n\t\t\t<span class=\"elementor-divider-separator\">\n\t\t\t\t\t\t<\/span>\n\t\t<\/div>\n\t\t\t\t<\/div>\n\t\t\t\t<\/div>\n\t\t\t\t<div class=\"elementor-element elementor-element-cf08bce elementor-widget elementor-widget-text-editor\" data-id=\"cf08bce\" data-element_type=\"widget\" data-widget_type=\"text-editor.default\">\n\t\t\t\t<div class=\"elementor-widget-container\">\n\t\t\t\t\t\t\t\t<div class=\"elementor-text-editor elementor-clearfix\">\n\t\t\t\t<div>Interessado em juntar-se ao nosso cat\u00e1logo de CD&#8217;s? Por favor envie-nos a sua proposta art\u00edstica!<\/div>\n\t\t\t\t\t<\/div>\n\t\t\t\t\t\t<\/div>\n\t\t\t\t<\/div>\n\t\t\t\t<div class=\"elementor-element elementor-element-0348803 elementor-widget elementor-widget-shortcode\" data-id=\"0348803\" data-element_type=\"widget\" data-widget_type=\"shortcode.default\">\n\t\t\t\t<div class=\"elementor-widget-container\">\n\t\t\t\t\t<div class=\"elementor-shortcode\">\n<div class=\"wpcf7 no-js\" id=\"wpcf7-f1934-o2\" lang=\"en-US\" dir=\"ltr\">\n<div class=\"screen-reader-response\"><p role=\"status\" aria-live=\"polite\" aria-atomic=\"true\"><\/p> <ul><\/ul><\/div>\n<form action=\"\/pt-pt\/wp-json\/wp\/v2\/pages\/1940#wpcf7-f1934-o2\" method=\"post\" class=\"wpcf7-form init\" aria-label=\"Contact form\" novalidate=\"novalidate\" data-status=\"init\">\n<div style=\"display: none;\">\n<input type=\"hidden\" name=\"_wpcf7\" value=\"1934\" \/>\n<input type=\"hidden\" name=\"_wpcf7_version\" value=\"5.7.4\" \/>\n<input type=\"hidden\" name=\"_wpcf7_locale\" value=\"en_US\" \/>\n<input type=\"hidden\" name=\"_wpcf7_unit_tag\" value=\"wpcf7-f1934-o2\" \/>\n<input type=\"hidden\" name=\"_wpcf7_container_post\" value=\"0\" \/>\n<input type=\"hidden\" name=\"_wpcf7_posted_data_hash\" value=\"\" \/>\n<input type=\"hidden\" name=\"_wpcf7_recaptcha_response\" value=\"\" \/>\n<\/div>\n<p><label> Nome do artista*<br \/>\n<span class=\"wpcf7-form-control-wrap\" data-name=\"your-name\"><input size=\"40\" class=\"wpcf7-form-control wpcf7-text wpcf7-validates-as-required\" aria-required=\"true\" aria-invalid=\"false\" value=\"\" type=\"text\" name=\"your-name\" \/><\/span> <\/label>\n<\/p>\n<p><label> Email*<br \/>\n<span class=\"wpcf7-form-control-wrap\" data-name=\"your-email\"><input size=\"40\" class=\"wpcf7-form-control wpcf7-text wpcf7-email wpcf7-validates-as-required wpcf7-validates-as-email\" aria-required=\"true\" aria-invalid=\"false\" value=\"\" type=\"email\" name=\"your-email\" \/><\/span> <\/label>\n<\/p>\n<p><label> Numero de telefone<br \/>\n<span class=\"wpcf7-form-control-wrap\" data-name=\"number\"><input class=\"wpcf7-form-control wpcf7-number wpcf7-validates-as-number\" min=\"0\" aria-invalid=\"false\" value=\"\" type=\"number\" name=\"number\" \/><\/span> <\/label>\n<\/p>\n<p><label> Repert\u00f3rio proposto*<br \/>\n<span class=\"wpcf7-form-control-wrap\" data-name=\"textarea-107\"><textarea cols=\"40\" rows=\"10\" class=\"wpcf7-form-control wpcf7-textarea wpcf7-validates-as-required\" aria-required=\"true\" aria-invalid=\"false\" name=\"textarea-107\"><\/textarea><\/span> <\/label>\n<\/p>\n<p><label> Biografia*<br \/>\n<span class=\"wpcf7-form-control-wrap\" data-name=\"textarea-70\"><textarea cols=\"40\" rows=\"10\" class=\"wpcf7-form-control wpcf7-textarea wpcf7-validates-as-required\" aria-required=\"true\" aria-invalid=\"false\" name=\"textarea-70\"><\/textarea><\/span> <\/label>\n<\/p>\n<p><label> Observa\u00e7\u00f5es<br \/>\n<span class=\"wpcf7-form-control-wrap\" data-name=\"textarea-71\"><textarea cols=\"40\" rows=\"10\" class=\"wpcf7-form-control wpcf7-textarea\" aria-invalid=\"false\" name=\"textarea-71\"><\/textarea><\/span> <\/label>\n<\/p>\n<p><input class=\"wpcf7-form-control has-spinner wpcf7-submit\" type=\"submit\" value=\"Enviar\" \/>\n<\/p><div class=\"wpcf7-response-output\" aria-hidden=\"true\"><\/div>\n<\/form>\n<\/div>\n<\/div>\n\t\t\t\t<\/div>\n\t\t\t\t<\/div>\n\t\t\t\t<div class=\"elementor-element elementor-element-4430b7e elementor-widget elementor-widget-heading\" data-id=\"4430b7e\" data-element_type=\"widget\" data-widget_type=\"heading.default\">\n\t\t\t\t<div class=\"elementor-widget-container\">\n\t\t\t<h6 class=\"elementor-heading-title elementor-size-default\">* Este campo \u00e9 obrigat\u00f3rio<\/h6>\t\t<\/div>\n\t\t\t\t<\/div>\n\t\t\t\t\t\t<\/div>\n\t\t\t\t\t<\/div>\n\t\t<\/div>\n\t\t\t\t\t\t\t\t<\/div>\n\t\t\t\t\t<\/div>\n\t\t<\/section>\n\t\t\t\t<section class=\"elementor-section elementor-top-section elementor-element elementor-element-84645e9 elementor-section-full_width elementor-section-height-default elementor-section-height-default\" data-id=\"84645e9\" data-element_type=\"section\">\n\t\t\t\t\t\t<div class=\"elementor-container elementor-column-gap-no\">\n\t\t\t\t\t\t\t<div class=\"elementor-row\">\n\t\t\t\t\t<div class=\"elementor-column elementor-col-100 elementor-top-column elementor-element elementor-element-0c64a5f\" data-id=\"0c64a5f\" data-element_type=\"column\">\n\t\t\t<div class=\"elementor-column-wrap elementor-element-populated\">\n\t\t\t\t\t\t\t<div class=\"elementor-widget-wrap\">\n\t\t\t\t\t\t<div class=\"elementor-element elementor-element-3d270b6 elementor-widget elementor-widget-template\" data-id=\"3d270b6\" data-element_type=\"widget\" data-widget_type=\"template.default\">\n\t\t\t\t<div class=\"elementor-widget-container\">\n\t\t\t\t\t<div class=\"elementor-template\">\n\t\t\t\t\t<div data-elementor-type=\"page\" data-elementor-id=\"2700\" class=\"elementor elementor-2700 elementor-1881\">\n\t\t\t\t\t\t<div class=\"elementor-inner\">\n\t\t\t\t<div class=\"elementor-section-wrap\">\n\t\t\t\t\t\t\t\t\t<section class=\"elementor-section elementor-top-section elementor-element elementor-element-e95f758 elementor-section-content-middle elementor-section-full_width elementor-section-height-default elementor-section-height-default\" data-id=\"e95f758\" data-element_type=\"section\" data-settings=\"{&quot;background_background&quot;:&quot;classic&quot;}\">\n\t\t\t\t\t\t<div class=\"elementor-container elementor-column-gap-no\">\n\t\t\t\t\t\t\t<div class=\"elementor-row\">\n\t\t\t\t\t<div class=\"elementor-column elementor-col-50 elementor-top-column elementor-element elementor-element-3b5ee9d\" data-id=\"3b5ee9d\" data-element_type=\"column\" data-settings=\"{&quot;background_background&quot;:&quot;classic&quot;}\">\n\t\t\t<div class=\"elementor-column-wrap elementor-element-populated\">\n\t\t\t\t\t\t\t<div class=\"elementor-widget-wrap\">\n\t\t\t\t\t\t<div class=\"elementor-element elementor-element-6223356 elementor-widget elementor-widget-heading\" data-id=\"6223356\" data-element_type=\"widget\" data-widget_type=\"heading.default\">\n\t\t\t\t<div class=\"elementor-widget-container\">\n\t\t\t<h2 class=\"elementor-heading-title elementor-size-default\">Siga-nos<\/h2>\t\t<\/div>\n\t\t\t\t<\/div>\n\t\t\t\t<div class=\"elementor-element elementor-element-8cc82d1 elementor-align-center elementor-widget elementor-widget-button\" data-id=\"8cc82d1\" data-element_type=\"widget\" data-widget_type=\"button.default\">\n\t\t\t\t<div class=\"elementor-widget-container\">\n\t\t\t\t\t<div class=\"elementor-button-wrapper\">\n\t\t\t<a href=\"http:\/\/eepurl.com\/hqTnRH\" class=\"elementor-button-link elementor-button elementor-size-sm\" role=\"button\">\n\t\t\t\t\t\t<span class=\"elementor-button-content-wrapper\">\n\t\t\t\t\t\t<span class=\"elementor-button-text\">Newsletter<\/span>\n\t\t<\/span>\n\t\t\t\t\t<\/a>\n\t\t<\/div>\n\t\t\t\t<\/div>\n\t\t\t\t<\/div>\n\t\t\t\t\t\t<\/div>\n\t\t\t\t\t<\/div>\n\t\t<\/div>\n\t\t\t\t<div class=\"elementor-column elementor-col-50 elementor-top-column elementor-element elementor-element-cc871d2\" data-id=\"cc871d2\" data-element_type=\"column\" data-settings=\"{&quot;background_background&quot;:&quot;classic&quot;}\">\n\t\t\t<div class=\"elementor-column-wrap elementor-element-populated\">\n\t\t\t\t\t\t\t<div class=\"elementor-widget-wrap\">\n\t\t\t\t\t\t<div class=\"elementor-element elementor-element-3f18fb2 elementor-shape-rounded elementor-grid-0 e-grid-align-center elementor-widget elementor-widget-social-icons\" data-id=\"3f18fb2\" data-element_type=\"widget\" data-widget_type=\"social-icons.default\">\n\t\t\t\t<div class=\"elementor-widget-container\">\n\t\t\t\t\t<div class=\"elementor-social-icons-wrapper elementor-grid\">\n\t\t\t\t\t\t\t<span class=\"elementor-grid-item\">\n\t\t\t\t\t<a class=\"elementor-icon elementor-social-icon elementor-social-icon-facebook elementor-repeater-item-c0723cf\" href=\"https:\/\/www.facebook.com\/GenerationA2DV\/\" target=\"_blank\">\n\t\t\t\t\t\t<span class=\"elementor-screen-only\">Facebook<\/span>\n\t\t\t\t\t\t\t\t\t\t\t\t\t<i class=\"fa fa-facebook\"><\/i>\n\t\t\t\t\t\t\t\t\t\t\t<\/a>\n\t\t\t\t<\/span>\n\t\t\t\t\t<\/div>\n\t\t\t\t<\/div>\n\t\t\t\t<\/div>\n\t\t\t\t\t\t<\/div>\n\t\t\t\t\t<\/div>\n\t\t<\/div>\n\t\t\t\t\t\t\t\t<\/div>\n\t\t\t\t\t<\/div>\n\t\t<\/section>\n\t\t\t\t<section class=\"elementor-section elementor-top-section elementor-element elementor-element-1eb343e elementor-section-boxed elementor-section-height-default elementor-section-height-default\" data-id=\"1eb343e\" data-element_type=\"section\">\n\t\t\t\t\t\t<div class=\"elementor-container elementor-column-gap-default\">\n\t\t\t\t\t\t\t<div class=\"elementor-row\">\n\t\t\t\t\t<div class=\"elementor-column elementor-col-100 elementor-top-column elementor-element elementor-element-7787568\" data-id=\"7787568\" data-element_type=\"column\">\n\t\t\t<div class=\"elementor-column-wrap\">\n\t\t\t\t\t\t\t<div class=\"elementor-widget-wrap\">\n\t\t\t\t\t\t\t\t<\/div>\n\t\t\t\t\t<\/div>\n\t\t<\/div>\n\t\t\t\t\t\t\t\t<\/div>\n\t\t\t\t\t<\/div>\n\t\t<\/section>\n\t\t\t\t\t\t\t\t\t<\/div>\n\t\t\t<\/div>\n\t\t\t\t\t<\/div>\n\t\t\t\t<\/div>\n\t\t\t\t<\/div>\n\t\t\t\t<\/div>\n\t\t\t\t\t\t<\/div>\n\t\t\t\t\t<\/div>\n\t\t<\/div>\n\t\t\t\t\t\t\t\t<\/div>\n\t\t\t\t\t<\/div>\n\t\t<\/section>\n\t\t\t\t\t\t\t\t\t<\/div>\n\t\t\t<\/div>\n\t\t\t\t\t<\/div>\n\t\t","protected":false},"excerpt":{"rendered":"<p>A2DV Generation Contacte-nos Quest\u00f5es gerais * Este campo \u00e9 obrigat\u00f3rio Proposta art\u00edstica Interessado em juntar-se ao nosso cat\u00e1logo de CD&#8217;s? Por favor envie-nos a sua proposta art\u00edstica! * Este campo \u00e9 obrigat\u00f3rio<\/p>\n","protected":false},"author":1,"featured_media":0,"parent":0,"menu_order":0,"comment_status":"closed","ping_status":"closed","template":"","meta":{"ub_ctt_via":"","site-sidebar-layout":"no-sidebar","site-content-layout":"page-builder","ast-global-header-display":"","ast-main-header-display":"","ast-hfb-above-header-display":"","ast-hfb-below-header-display":"","ast-hfb-mobile-header-display":"","site-post-title":"disabled","ast-breadcrumbs-content":"","ast-featured-img":"disabled","footer-sml-layout":"","theme-transparent-header-meta":"default","adv-header-id-meta":"","stick-header-meta":"","header-above-stick-meta":"","header-main-stick-meta":"","header-below-stick-meta":""},"featured_image_src":null,"yoast_head":"<!-- This site is optimized with the Yoast SEO plugin v20.1 - https:\/\/yoast.com\/wordpress\/plugins\/seo\/ -->\n<title>A2DV Generation - Contacte-nos | A2DV<\/title>\n<meta name=\"robots\" content=\"index, follow, max-snippet:-1, max-image-preview:large, max-video-preview:-1\" \/>\n<link rel=\"canonical\" href=\"https:\/\/a2dv.pt\/pt-pt\/a2dv-generation-contacte-nos\/\" \/>\n<meta property=\"og:locale\" content=\"pt_PT\" \/>\n<meta property=\"og:type\" content=\"article\" \/>\n<meta property=\"og:title\" content=\"A2DV Generation\" \/>\n<meta property=\"og:description\" content=\"Contacte-nos\" \/>\n<meta property=\"og:url\" content=\"https:\/\/a2dv.pt\/pt-pt\/a2dv-generation-contacte-nos\/\" \/>\n<meta property=\"og:site_name\" content=\"A2DV\" \/>\n<meta property=\"article:publisher\" content=\"https:\/\/www.facebook.com\/Academia-Internacional-de-M%c3%basica-Aquiles-Delle-Vigne-272197376223717\/\" \/>\n<meta property=\"article:modified_time\" content=\"2020-10-26T11:37:05+00:00\" \/>\n<meta property=\"og:image\" content=\"https:\/\/a2dv.pt\/wp-content\/uploads\/2019\/01\/logo_f-02.png\" \/>\n\t<meta property=\"og:image:width\" content=\"1627\" \/>\n\t<meta property=\"og:image:height\" content=\"779\" \/>\n\t<meta property=\"og:image:type\" content=\"image\/png\" \/>\n<meta name=\"twitter:card\" content=\"summary_large_image\" \/>\n<meta name=\"twitter:title\" content=\"A2DV Generation\" \/>\n<meta name=\"twitter:description\" content=\"Contacte-nos\" \/>\n<meta name=\"twitter:image\" content=\"https:\/\/a2dv.pt\/wp-content\/uploads\/2019\/01\/logo_f-02.png\" \/>\n<script type=\"application\/ld+json\" class=\"yoast-schema-graph\">{\"@context\":\"https:\/\/schema.org\",\"@graph\":[{\"@type\":\"WebPage\",\"@id\":\"https:\/\/a2dv.pt\/pt-pt\/a2dv-generation-contacte-nos\/\",\"url\":\"https:\/\/a2dv.pt\/pt-pt\/a2dv-generation-contacte-nos\/\",\"name\":\"A2DV Generation - Contacte-nos | A2DV\",\"isPartOf\":{\"@id\":\"https:\/\/a2dv.pt\/#website\"},\"datePublished\":\"2019-04-01T14:03:22+00:00\",\"dateModified\":\"2020-10-26T11:37:05+00:00\",\"breadcrumb\":{\"@id\":\"https:\/\/a2dv.pt\/pt-pt\/a2dv-generation-contacte-nos\/#breadcrumb\"},\"inLanguage\":\"pt-PT\",\"potentialAction\":[{\"@type\":\"ReadAction\",\"target\":[\"https:\/\/a2dv.pt\/pt-pt\/a2dv-generation-contacte-nos\/\"]}]},{\"@type\":\"BreadcrumbList\",\"@id\":\"https:\/\/a2dv.pt\/pt-pt\/a2dv-generation-contacte-nos\/#breadcrumb\",\"itemListElement\":[{\"@type\":\"ListItem\",\"position\":1,\"name\":\"Home\",\"item\":\"https:\/\/a2dv.pt\/\"},{\"@type\":\"ListItem\",\"position\":2,\"name\":\"A2DV Generation &#8211; Contacte-nos\"}]},{\"@type\":\"WebSite\",\"@id\":\"https:\/\/a2dv.pt\/#website\",\"url\":\"https:\/\/a2dv.pt\/\",\"name\":\"A2DV\",\"description\":\"\",\"publisher\":{\"@id\":\"https:\/\/a2dv.pt\/#organization\"},\"potentialAction\":[{\"@type\":\"SearchAction\",\"target\":{\"@type\":\"EntryPoint\",\"urlTemplate\":\"https:\/\/a2dv.pt\/?s={search_term_string}\"},\"query-input\":\"required name=search_term_string\"}],\"inLanguage\":\"pt-PT\"},{\"@type\":\"Organization\",\"@id\":\"https:\/\/a2dv.pt\/#organization\",\"name\":\"Academia Internacional de M\u00fasica - Aquiles delle Vigne\",\"url\":\"https:\/\/a2dv.pt\/\",\"logo\":{\"@type\":\"ImageObject\",\"inLanguage\":\"pt-PT\",\"@id\":\"https:\/\/a2dv.pt\/#\/schema\/logo\/image\/\",\"url\":\"https:\/\/a2dv.pt\/wp-content\/uploads\/2019\/01\/logo_f-02.png\",\"contentUrl\":\"https:\/\/a2dv.pt\/wp-content\/uploads\/2019\/01\/logo_f-02.png\",\"width\":1627,\"height\":779,\"caption\":\"Academia Internacional de M\u00fasica - Aquiles delle Vigne\"},\"image\":{\"@id\":\"https:\/\/a2dv.pt\/#\/schema\/logo\/image\/\"},\"sameAs\":[\"https:\/\/www.facebook.com\/Academia-Internacional-de-M\u00fasica-Aquiles-Delle-Vigne-272197376223717\/\",\"https:\/\/www.youtube.com\/channel\/UCwKKuh8gcanEhlmmpDuAodw\"]}]}<\/script>\n<!-- \/ Yoast SEO plugin. -->","yoast_head_json":{"title":"A2DV Generation - Contacte-nos | A2DV","robots":{"index":"index","follow":"follow","max-snippet":"max-snippet:-1","max-image-preview":"max-image-preview:large","max-video-preview":"max-video-preview:-1"},"canonical":"https:\/\/a2dv.pt\/pt-pt\/a2dv-generation-contacte-nos\/","og_locale":"pt_PT","og_type":"article","og_title":"A2DV Generation","og_description":"Contacte-nos","og_url":"https:\/\/a2dv.pt\/pt-pt\/a2dv-generation-contacte-nos\/","og_site_name":"A2DV","article_publisher":"https:\/\/www.facebook.com\/Academia-Internacional-de-M%c3%basica-Aquiles-Delle-Vigne-272197376223717\/","article_modified_time":"2020-10-26T11:37:05+00:00","og_image":[{"width":1627,"height":779,"url":"https:\/\/a2dv.pt\/wp-content\/uploads\/2019\/01\/logo_f-02.png","type":"image\/png"}],"twitter_card":"summary_large_image","twitter_title":"A2DV Generation","twitter_description":"Contacte-nos","twitter_image":"https:\/\/a2dv.pt\/wp-content\/uploads\/2019\/01\/logo_f-02.png","schema":{"@context":"https:\/\/schema.org","@graph":[{"@type":"WebPage","@id":"https:\/\/a2dv.pt\/pt-pt\/a2dv-generation-contacte-nos\/","url":"https:\/\/a2dv.pt\/pt-pt\/a2dv-generation-contacte-nos\/","name":"A2DV Generation - Contacte-nos | A2DV","isPartOf":{"@id":"https:\/\/a2dv.pt\/#website"},"datePublished":"2019-04-01T14:03:22+00:00","dateModified":"2020-10-26T11:37:05+00:00","breadcrumb":{"@id":"https:\/\/a2dv.pt\/pt-pt\/a2dv-generation-contacte-nos\/#breadcrumb"},"inLanguage":"pt-PT","potentialAction":[{"@type":"ReadAction","target":["https:\/\/a2dv.pt\/pt-pt\/a2dv-generation-contacte-nos\/"]}]},{"@type":"BreadcrumbList","@id":"https:\/\/a2dv.pt\/pt-pt\/a2dv-generation-contacte-nos\/#breadcrumb","itemListElement":[{"@type":"ListItem","position":1,"name":"Home","item":"https:\/\/a2dv.pt\/"},{"@type":"ListItem","position":2,"name":"A2DV Generation &#8211; Contacte-nos"}]},{"@type":"WebSite","@id":"https:\/\/a2dv.pt\/#website","url":"https:\/\/a2dv.pt\/","name":"A2DV","description":"","publisher":{"@id":"https:\/\/a2dv.pt\/#organization"},"potentialAction":[{"@type":"SearchAction","target":{"@type":"EntryPoint","urlTemplate":"https:\/\/a2dv.pt\/?s={search_term_string}"},"query-input":"required name=search_term_string"}],"inLanguage":"pt-PT"},{"@type":"Organization","@id":"https:\/\/a2dv.pt\/#organization","name":"Academia Internacional de M\u00fasica - Aquiles delle Vigne","url":"https:\/\/a2dv.pt\/","logo":{"@type":"ImageObject","inLanguage":"pt-PT","@id":"https:\/\/a2dv.pt\/#\/schema\/logo\/image\/","url":"https:\/\/a2dv.pt\/wp-content\/uploads\/2019\/01\/logo_f-02.png","contentUrl":"https:\/\/a2dv.pt\/wp-content\/uploads\/2019\/01\/logo_f-02.png","width":1627,"height":779,"caption":"Academia Internacional de M\u00fasica - Aquiles delle Vigne"},"image":{"@id":"https:\/\/a2dv.pt\/#\/schema\/logo\/image\/"},"sameAs":["https:\/\/www.facebook.com\/Academia-Internacional-de-M\u00fasica-Aquiles-Delle-Vigne-272197376223717\/","https:\/\/www.youtube.com\/channel\/UCwKKuh8gcanEhlmmpDuAodw"]}]}},"_links":{"self":[{"href":"https:\/\/a2dv.pt\/pt-pt\/wp-json\/wp\/v2\/pages\/1940"}],"collection":[{"href":"https:\/\/a2dv.pt\/pt-pt\/wp-json\/wp\/v2\/pages"}],"about":[{"href":"https:\/\/a2dv.pt\/pt-pt\/wp-json\/wp\/v2\/types\/page"}],"author":[{"embeddable":true,"href":"https:\/\/a2dv.pt\/pt-pt\/wp-json\/wp\/v2\/users\/1"}],"replies":[{"embeddable":true,"href":"https:\/\/a2dv.pt\/pt-pt\/wp-json\/wp\/v2\/comments?post=1940"}],"version-history":[{"count":11,"href":"https:\/\/a2dv.pt\/pt-pt\/wp-json\/wp\/v2\/pages\/1940\/revisions"}],"predecessor-version":[{"id":3867,"href":"https:\/\/a2dv.pt\/pt-pt\/wp-json\/wp\/v2\/pages\/1940\/revisions\/3867"}],"wp:attachment":[{"href":"https:\/\/a2dv.pt\/pt-pt\/wp-json\/wp\/v2\/media?parent=1940"}],"curies":[{"name":"wp","href":"https:\/\/api.w.org\/{rel}","templated":true}]}}