{"id":753,"date":"2019-01-17T12:05:05","date_gmt":"2019-01-17T12:05:05","guid":{"rendered":"https:\/\/a2dv.onesource.pt\/musica-de-camara-programas-de-estudos\/"},"modified":"2019-04-08T16:06:27","modified_gmt":"2019-04-08T16:06:27","slug":"musica-de-camara-programas-de-estudos","status":"publish","type":"page","link":"https:\/\/a2dv.pt\/pt-pt\/musica-de-camara-programas-de-estudos\/","title":{"rendered":"M\u00fasica de C\u00e2mara &#8211; Programas de Estudos"},"content":{"rendered":"\t\t<div data-elementor-type=\"wp-post\" data-elementor-id=\"753\" class=\"elementor elementor-753 elementor-214\">\n\t\t\t\t\t\t<div class=\"elementor-inner\">\n\t\t\t\t<div class=\"elementor-section-wrap\">\n\t\t\t\t\t\t\t\t\t<section class=\"elementor-section elementor-top-section elementor-element elementor-element-1d74a901 elementor-section-content-middle elementor-section-boxed elementor-section-height-default elementor-section-height-default\" data-id=\"1d74a901\" data-element_type=\"section\" data-settings=\"{&quot;background_background&quot;:&quot;classic&quot;}\">\n\t\t\t\t\t\t\t<div class=\"elementor-background-overlay\"><\/div>\n\t\t\t\t\t\t\t<div class=\"elementor-container elementor-column-gap-no\">\n\t\t\t\t\t\t\t<div class=\"elementor-row\">\n\t\t\t\t\t<div class=\"elementor-column elementor-col-100 elementor-top-column elementor-element elementor-element-10e4f41a\" data-id=\"10e4f41a\" data-element_type=\"column\">\n\t\t\t<div class=\"elementor-column-wrap elementor-element-populated\">\n\t\t\t\t\t\t\t<div class=\"elementor-widget-wrap\">\n\t\t\t\t\t\t<div class=\"elementor-element elementor-element-04e2336 elementor-widget elementor-widget-heading\" data-id=\"04e2336\" data-element_type=\"widget\" data-widget_type=\"heading.default\">\n\t\t\t\t<div class=\"elementor-widget-container\">\n\t\t\t<h4 class=\"elementor-heading-title elementor-size-default\">M\u00fasica de C\u00e2mara<\/h4>\t\t<\/div>\n\t\t\t\t<\/div>\n\t\t\t\t<div class=\"elementor-element elementor-element-b2b59a5 elementor-widget elementor-widget-heading\" data-id=\"b2b59a5\" data-element_type=\"widget\" data-widget_type=\"heading.default\">\n\t\t\t\t<div class=\"elementor-widget-container\">\n\t\t\t<h1 class=\"elementor-heading-title elementor-size-default\">Programas de Estudos<\/h1>\t\t<\/div>\n\t\t\t\t<\/div>\n\t\t\t\t\t\t<\/div>\n\t\t\t\t\t<\/div>\n\t\t<\/div>\n\t\t\t\t\t\t\t\t<\/div>\n\t\t\t\t\t<\/div>\n\t\t<\/section>\n\t\t\t\t<section class=\"elementor-section elementor-top-section elementor-element elementor-element-50b07df3 elementor-section-boxed elementor-section-height-default elementor-section-height-default\" data-id=\"50b07df3\" data-element_type=\"section\" data-settings=\"{&quot;background_background&quot;:&quot;classic&quot;}\">\n\t\t\t\t\t\t<div class=\"elementor-container elementor-column-gap-default\">\n\t\t\t\t\t\t\t<div class=\"elementor-row\">\n\t\t\t\t\t<div class=\"elementor-column elementor-col-100 elementor-top-column elementor-element elementor-element-51416a80\" data-id=\"51416a80\" data-element_type=\"column\">\n\t\t\t<div class=\"elementor-column-wrap elementor-element-populated\">\n\t\t\t\t\t\t\t<div class=\"elementor-widget-wrap\">\n\t\t\t\t\t\t<div class=\"elementor-element elementor-element-1c8b430 elementor-widget elementor-widget-heading\" data-id=\"1c8b430\" data-element_type=\"widget\" data-widget_type=\"heading.default\">\n\t\t\t\t<div class=\"elementor-widget-container\">\n\t\t\t<h3 class=\"elementor-heading-title elementor-size-default\">Certificado Piano Duo<\/h3>\t\t<\/div>\n\t\t\t\t<\/div>\n\t\t\t\t<div class=\"elementor-element elementor-element-64fdb48 elementor-widget elementor-widget-text-editor\" data-id=\"64fdb48\" data-element_type=\"widget\" data-widget_type=\"text-editor.default\">\n\t\t\t\t<div class=\"elementor-widget-container\">\n\t\t\t\t\t\t\t\t<div class=\"elementor-text-editor elementor-clearfix\">\n\t\t\t\t<p>Programa intensivo de aperfei\u00e7oamento das qualidades t\u00e9cnicas e do repert\u00f3rio para dois pianos e piano a quatro m\u00e3os. Programa livre, a ser escolhido pelos alunos e aprovado pela dire\u00e7\u00e3o art\u00edstica.<\/p>\n<p>Dura\u00e7\u00e3o: 2 anos<\/p>\n\t\t\t\t\t<\/div>\n\t\t\t\t\t\t<\/div>\n\t\t\t\t<\/div>\n\t\t\t\t\t\t<\/div>\n\t\t\t\t\t<\/div>\n\t\t<\/div>\n\t\t\t\t\t\t\t\t<\/div>\n\t\t\t\t\t<\/div>\n\t\t<\/section>\n\t\t\t\t<section class=\"elementor-section elementor-top-section elementor-element elementor-element-f938d99 elementor-section-boxed elementor-section-height-default elementor-section-height-default\" data-id=\"f938d99\" data-element_type=\"section\" data-settings=\"{&quot;background_background&quot;:&quot;classic&quot;}\">\n\t\t\t\t\t\t\t<div class=\"elementor-background-overlay\"><\/div>\n\t\t\t\t\t\t\t<div class=\"elementor-container elementor-column-gap-default\">\n\t\t\t\t\t\t\t<div class=\"elementor-row\">\n\t\t\t\t\t<div class=\"elementor-column elementor-col-100 elementor-top-column elementor-element elementor-element-2747721\" data-id=\"2747721\" data-element_type=\"column\">\n\t\t\t<div class=\"elementor-column-wrap elementor-element-populated\">\n\t\t\t\t\t\t\t<div class=\"elementor-widget-wrap\">\n\t\t\t\t\t\t<div class=\"elementor-element elementor-element-f0a7985 elementor-widget elementor-widget-heading\" data-id=\"f0a7985\" data-element_type=\"widget\" data-widget_type=\"heading.default\">\n\t\t\t\t<div class=\"elementor-widget-container\">\n\t\t\t<h3 class=\"elementor-heading-title elementor-size-default\">Certificado de M\u00fasica de C\u00e2mara (com piano)<\/h3>\t\t<\/div>\n\t\t\t\t<\/div>\n\t\t\t\t<div class=\"elementor-element elementor-element-eb2c127 elementor-widget elementor-widget-text-editor\" data-id=\"eb2c127\" data-element_type=\"widget\" data-widget_type=\"text-editor.default\">\n\t\t\t\t<div class=\"elementor-widget-container\">\n\t\t\t\t\t\t\t\t<div class=\"elementor-text-editor elementor-clearfix\">\n\t\t\t\t<p>Programa aberto a todas as forma\u00e7\u00f5es de musica de c\u00e2mara com piano. Programa livre, a ser escolhido pelos alunos e aprovado pela dire\u00e7\u00e3o art\u00edstica.<\/p>\n<p>Dura\u00e7\u00e3o: 2 anos<\/p>\n\t\t\t\t\t<\/div>\n\t\t\t\t\t\t<\/div>\n\t\t\t\t<\/div>\n\t\t\t\t\t\t<\/div>\n\t\t\t\t\t<\/div>\n\t\t<\/div>\n\t\t\t\t\t\t\t\t<\/div>\n\t\t\t\t\t<\/div>\n\t\t<\/section>\n\t\t\t\t<section class=\"elementor-section elementor-top-section elementor-element elementor-element-cecb3fb elementor-section-full_width elementor-section-height-default elementor-section-height-default\" data-id=\"cecb3fb\" data-element_type=\"section\">\n\t\t\t\t\t\t<div class=\"elementor-container elementor-column-gap-no\">\n\t\t\t\t\t\t\t<div class=\"elementor-row\">\n\t\t\t\t\t<div class=\"elementor-column elementor-col-100 elementor-top-column elementor-element elementor-element-e7f3b7d\" data-id=\"e7f3b7d\" data-element_type=\"column\">\n\t\t\t<div class=\"elementor-column-wrap elementor-element-populated\">\n\t\t\t\t\t\t\t<div class=\"elementor-widget-wrap\">\n\t\t\t\t\t\t<div class=\"elementor-element elementor-element-a3b4771 elementor-widget elementor-widget-template\" data-id=\"a3b4771\" data-element_type=\"widget\" data-widget_type=\"template.default\">\n\t\t\t\t<div class=\"elementor-widget-container\">\n\t\t\t\t\t<div class=\"elementor-template\">\n\t\t\t\t\t<div data-elementor-type=\"section\" data-elementor-id=\"1044\" class=\"elementor elementor-1044 elementor-1005\">\n\t\t<div class=\"elementor-section-wrap\">\n\t\t\t\t\t<section class=\"elementor-section elementor-top-section elementor-element elementor-element-e95f758 elementor-section-content-middle elementor-section-full_width elementor-section-height-default elementor-section-height-default\" data-id=\"e95f758\" data-element_type=\"section\" data-settings=\"{&quot;background_background&quot;:&quot;classic&quot;}\">\n\t\t\t\t\t\t<div class=\"elementor-container elementor-column-gap-no\">\n\t\t\t\t\t\t\t<div class=\"elementor-row\">\n\t\t\t\t\t<div class=\"elementor-column elementor-col-50 elementor-top-column elementor-element elementor-element-3b5ee9d\" data-id=\"3b5ee9d\" data-element_type=\"column\" data-settings=\"{&quot;background_background&quot;:&quot;classic&quot;}\">\n\t\t\t<div class=\"elementor-column-wrap elementor-element-populated\">\n\t\t\t\t\t\t\t<div class=\"elementor-widget-wrap\">\n\t\t\t\t\t\t<div class=\"elementor-element elementor-element-6223356 elementor-widget elementor-widget-heading\" data-id=\"6223356\" data-element_type=\"widget\" data-widget_type=\"heading.default\">\n\t\t\t\t<div class=\"elementor-widget-container\">\n\t\t\t<h2 class=\"elementor-heading-title elementor-size-default\">Siga-nos<\/h2>\t\t<\/div>\n\t\t\t\t<\/div>\n\t\t\t\t<div class=\"elementor-element elementor-element-e419946 elementor-align-center elementor-widget elementor-widget-button\" data-id=\"e419946\" data-element_type=\"widget\" data-widget_type=\"button.default\">\n\t\t\t\t<div class=\"elementor-widget-container\">\n\t\t\t\t\t<div class=\"elementor-button-wrapper\">\n\t\t\t<a href=\"http:\/\/eepurl.com\/hqTnRH\" target=\"_blank\" class=\"elementor-button-link elementor-button elementor-size-sm\" role=\"button\">\n\t\t\t\t\t\t<span class=\"elementor-button-content-wrapper\">\n\t\t\t\t\t\t<span class=\"elementor-button-text\">Newsletter<\/span>\n\t\t<\/span>\n\t\t\t\t\t<\/a>\n\t\t<\/div>\n\t\t\t\t<\/div>\n\t\t\t\t<\/div>\n\t\t\t\t\t\t<\/div>\n\t\t\t\t\t<\/div>\n\t\t<\/div>\n\t\t\t\t<div class=\"elementor-column elementor-col-50 elementor-top-column elementor-element elementor-element-cc871d2\" data-id=\"cc871d2\" data-element_type=\"column\" data-settings=\"{&quot;background_background&quot;:&quot;classic&quot;}\">\n\t\t\t<div class=\"elementor-column-wrap elementor-element-populated\">\n\t\t\t\t\t\t\t<div class=\"elementor-widget-wrap\">\n\t\t\t\t\t\t<div class=\"elementor-element elementor-element-3f18fb2 elementor-shape-rounded elementor-grid-0 e-grid-align-center elementor-widget elementor-widget-social-icons\" data-id=\"3f18fb2\" data-element_type=\"widget\" data-widget_type=\"social-icons.default\">\n\t\t\t\t<div class=\"elementor-widget-container\">\n\t\t\t\t\t<div class=\"elementor-social-icons-wrapper elementor-grid\">\n\t\t\t\t\t\t\t<span class=\"elementor-grid-item\">\n\t\t\t\t\t<a class=\"elementor-icon elementor-social-icon elementor-social-icon-facebook-f elementor-repeater-item-c0723cf\" href=\"https:\/\/www.facebook.com\/Academia-Internacional-de-M%C3%BAsica-Aquiles-Delle-Vigne-272197376223717\/\" target=\"_blank\">\n\t\t\t\t\t\t<span class=\"elementor-screen-only\">Facebook-f<\/span>\n\t\t\t\t\t\t<i class=\"fab fa-facebook-f\"><\/i>\t\t\t\t\t<\/a>\n\t\t\t\t<\/span>\n\t\t\t\t\t\t\t<span class=\"elementor-grid-item\">\n\t\t\t\t\t<a class=\"elementor-icon elementor-social-icon elementor-social-icon-instagram elementor-repeater-item-ea40d55\" href=\"https:\/\/www.instagram.com\/a2dv_music\/\" target=\"_blank\">\n\t\t\t\t\t\t<span class=\"elementor-screen-only\">Instagram<\/span>\n\t\t\t\t\t\t<i class=\"fab fa-instagram\"><\/i>\t\t\t\t\t<\/a>\n\t\t\t\t<\/span>\n\t\t\t\t\t\t\t<span class=\"elementor-grid-item\">\n\t\t\t\t\t<a class=\"elementor-icon elementor-social-icon elementor-social-icon-youtube elementor-repeater-item-a02bc7c\" href=\"https:\/\/www.youtube.com\/channel\/UCwKKuh8gcanEhlmmpDuAodw\" target=\"_blank\">\n\t\t\t\t\t\t<span class=\"elementor-screen-only\">Youtube<\/span>\n\t\t\t\t\t\t<i class=\"fab fa-youtube\"><\/i>\t\t\t\t\t<\/a>\n\t\t\t\t<\/span>\n\t\t\t\t\t<\/div>\n\t\t\t\t<\/div>\n\t\t\t\t<\/div>\n\t\t\t\t\t\t<\/div>\n\t\t\t\t\t<\/div>\n\t\t<\/div>\n\t\t\t\t\t\t\t\t<\/div>\n\t\t\t\t\t<\/div>\n\t\t<\/section>\n\t\t\t\t<\/div>\n\t\t<\/div>\n\t\t\t\t<\/div>\n\t\t\t\t<\/div>\n\t\t\t\t<\/div>\n\t\t\t\t\t\t<\/div>\n\t\t\t\t\t<\/div>\n\t\t<\/div>\n\t\t\t\t\t\t\t\t<\/div>\n\t\t\t\t\t<\/div>\n\t\t<\/section>\n\t\t\t\t\t\t\t\t\t<\/div>\n\t\t\t<\/div>\n\t\t\t\t\t<\/div>\n\t\t","protected":false},"excerpt":{"rendered":"<p>M\u00fasica de C\u00e2mara Programas de Estudos Certificado Piano Duo Programa intensivo de aperfei\u00e7oamento das qualidades t\u00e9cnicas e do repert\u00f3rio para dois pianos e piano a quatro m\u00e3os. Programa livre, a ser escolhido pelos alunos e aprovado pela dire\u00e7\u00e3o art\u00edstica. Dura\u00e7\u00e3o: 2 anos Certificado de M\u00fasica de C\u00e2mara (com piano) Programa aberto a todas as forma\u00e7\u00f5es &hellip;<\/p>\n<p class=\"read-more\"> <a class=\"\" href=\"https:\/\/a2dv.pt\/pt-pt\/musica-de-camara-programas-de-estudos\/\"> <span class=\"screen-reader-text\">M\u00fasica de C\u00e2mara &#8211; Programas de Estudos<\/span> Read More \u00bb<\/a><\/p>\n","protected":false},"author":1,"featured_media":0,"parent":0,"menu_order":0,"comment_status":"closed","ping_status":"closed","template":"","meta":{"ub_ctt_via":"","site-sidebar-layout":"no-sidebar","site-content-layout":"page-builder","ast-global-header-display":"","ast-main-header-display":"","ast-hfb-above-header-display":"","ast-hfb-below-header-display":"","ast-hfb-mobile-header-display":"","site-post-title":"disabled","ast-breadcrumbs-content":"","ast-featured-img":"disabled","footer-sml-layout":"","theme-transparent-header-meta":"default","adv-header-id-meta":"","stick-header-meta":"","header-above-stick-meta":"","header-main-stick-meta":"","header-below-stick-meta":""},"featured_image_src":null,"yoast_head":"<!-- This site is optimized with the Yoast SEO plugin v20.1 - https:\/\/yoast.com\/wordpress\/plugins\/seo\/ -->\n<title>M\u00fasica de C\u00e2mara - Programas de Estudos | A2DV<\/title>\n<meta name=\"robots\" content=\"index, follow, max-snippet:-1, max-image-preview:large, max-video-preview:-1\" \/>\n<link rel=\"canonical\" href=\"https:\/\/a2dv.pt\/pt-pt\/musica-de-camara-programas-de-estudos\/\" \/>\n<meta property=\"og:locale\" content=\"pt_PT\" \/>\n<meta property=\"og:type\" content=\"article\" \/>\n<meta property=\"og:title\" content=\"M\u00fasica de C\u00e2mara\" \/>\n<meta property=\"og:description\" content=\"Programas de Estudos\" \/>\n<meta property=\"og:url\" content=\"https:\/\/a2dv.pt\/pt-pt\/musica-de-camara-programas-de-estudos\/\" \/>\n<meta property=\"og:site_name\" content=\"A2DV\" \/>\n<meta property=\"article:publisher\" content=\"https:\/\/www.facebook.com\/Academia-Internacional-de-M%c3%basica-Aquiles-Delle-Vigne-272197376223717\/\" \/>\n<meta property=\"article:modified_time\" content=\"2019-04-08T16:06:27+00:00\" \/>\n<meta property=\"og:image\" content=\"https:\/\/a2dv.pt\/wp-content\/uploads\/2019\/01\/banner3.jpg\" \/>\n\t<meta property=\"og:image:width\" content=\"1024\" \/>\n\t<meta property=\"og:image:height\" content=\"320\" \/>\n\t<meta property=\"og:image:type\" content=\"image\/jpeg\" \/>\n<meta name=\"twitter:card\" content=\"summary_large_image\" \/>\n<meta name=\"twitter:title\" content=\"M\u00fasica de C\u00e2mara\" \/>\n<meta name=\"twitter:description\" content=\"Programas de Estudos\" \/>\n<meta name=\"twitter:image\" content=\"https:\/\/a2dv.pt\/wp-content\/uploads\/2019\/01\/banner3.jpg\" \/>\n<script type=\"application\/ld+json\" class=\"yoast-schema-graph\">{\"@context\":\"https:\/\/schema.org\",\"@graph\":[{\"@type\":\"WebPage\",\"@id\":\"https:\/\/a2dv.pt\/pt-pt\/musica-de-camara-programas-de-estudos\/\",\"url\":\"https:\/\/a2dv.pt\/pt-pt\/musica-de-camara-programas-de-estudos\/\",\"name\":\"M\u00fasica de C\u00e2mara - Programas de Estudos | A2DV\",\"isPartOf\":{\"@id\":\"https:\/\/a2dv.pt\/#website\"},\"datePublished\":\"2019-01-17T12:05:05+00:00\",\"dateModified\":\"2019-04-08T16:06:27+00:00\",\"breadcrumb\":{\"@id\":\"https:\/\/a2dv.pt\/pt-pt\/musica-de-camara-programas-de-estudos\/#breadcrumb\"},\"inLanguage\":\"pt-PT\",\"potentialAction\":[{\"@type\":\"ReadAction\",\"target\":[\"https:\/\/a2dv.pt\/pt-pt\/musica-de-camara-programas-de-estudos\/\"]}]},{\"@type\":\"BreadcrumbList\",\"@id\":\"https:\/\/a2dv.pt\/pt-pt\/musica-de-camara-programas-de-estudos\/#breadcrumb\",\"itemListElement\":[{\"@type\":\"ListItem\",\"position\":1,\"name\":\"Home\",\"item\":\"https:\/\/a2dv.pt\/\"},{\"@type\":\"ListItem\",\"position\":2,\"name\":\"M\u00fasica de C\u00e2mara &#8211; Programas de Estudos\"}]},{\"@type\":\"WebSite\",\"@id\":\"https:\/\/a2dv.pt\/#website\",\"url\":\"https:\/\/a2dv.pt\/\",\"name\":\"A2DV\",\"description\":\"\",\"publisher\":{\"@id\":\"https:\/\/a2dv.pt\/#organization\"},\"potentialAction\":[{\"@type\":\"SearchAction\",\"target\":{\"@type\":\"EntryPoint\",\"urlTemplate\":\"https:\/\/a2dv.pt\/?s={search_term_string}\"},\"query-input\":\"required name=search_term_string\"}],\"inLanguage\":\"pt-PT\"},{\"@type\":\"Organization\",\"@id\":\"https:\/\/a2dv.pt\/#organization\",\"name\":\"Academia Internacional de M\u00fasica - Aquiles delle Vigne\",\"url\":\"https:\/\/a2dv.pt\/\",\"logo\":{\"@type\":\"ImageObject\",\"inLanguage\":\"pt-PT\",\"@id\":\"https:\/\/a2dv.pt\/#\/schema\/logo\/image\/\",\"url\":\"https:\/\/a2dv.pt\/wp-content\/uploads\/2019\/01\/logo_f-02.png\",\"contentUrl\":\"https:\/\/a2dv.pt\/wp-content\/uploads\/2019\/01\/logo_f-02.png\",\"width\":1627,\"height\":779,\"caption\":\"Academia Internacional de M\u00fasica - Aquiles delle Vigne\"},\"image\":{\"@id\":\"https:\/\/a2dv.pt\/#\/schema\/logo\/image\/\"},\"sameAs\":[\"https:\/\/www.facebook.com\/Academia-Internacional-de-M\u00fasica-Aquiles-Delle-Vigne-272197376223717\/\",\"https:\/\/www.youtube.com\/channel\/UCwKKuh8gcanEhlmmpDuAodw\"]}]}<\/script>\n<!-- \/ Yoast SEO plugin. -->","yoast_head_json":{"title":"M\u00fasica de C\u00e2mara - Programas de Estudos | A2DV","robots":{"index":"index","follow":"follow","max-snippet":"max-snippet:-1","max-image-preview":"max-image-preview:large","max-video-preview":"max-video-preview:-1"},"canonical":"https:\/\/a2dv.pt\/pt-pt\/musica-de-camara-programas-de-estudos\/","og_locale":"pt_PT","og_type":"article","og_title":"M\u00fasica de C\u00e2mara","og_description":"Programas de Estudos","og_url":"https:\/\/a2dv.pt\/pt-pt\/musica-de-camara-programas-de-estudos\/","og_site_name":"A2DV","article_publisher":"https:\/\/www.facebook.com\/Academia-Internacional-de-M%c3%basica-Aquiles-Delle-Vigne-272197376223717\/","article_modified_time":"2019-04-08T16:06:27+00:00","og_image":[{"width":1024,"height":320,"url":"https:\/\/a2dv.pt\/wp-content\/uploads\/2019\/01\/banner3.jpg","type":"image\/jpeg"}],"twitter_card":"summary_large_image","twitter_title":"M\u00fasica de C\u00e2mara","twitter_description":"Programas de Estudos","twitter_image":"https:\/\/a2dv.pt\/wp-content\/uploads\/2019\/01\/banner3.jpg","schema":{"@context":"https:\/\/schema.org","@graph":[{"@type":"WebPage","@id":"https:\/\/a2dv.pt\/pt-pt\/musica-de-camara-programas-de-estudos\/","url":"https:\/\/a2dv.pt\/pt-pt\/musica-de-camara-programas-de-estudos\/","name":"M\u00fasica de C\u00e2mara - Programas de Estudos | A2DV","isPartOf":{"@id":"https:\/\/a2dv.pt\/#website"},"datePublished":"2019-01-17T12:05:05+00:00","dateModified":"2019-04-08T16:06:27+00:00","breadcrumb":{"@id":"https:\/\/a2dv.pt\/pt-pt\/musica-de-camara-programas-de-estudos\/#breadcrumb"},"inLanguage":"pt-PT","potentialAction":[{"@type":"ReadAction","target":["https:\/\/a2dv.pt\/pt-pt\/musica-de-camara-programas-de-estudos\/"]}]},{"@type":"BreadcrumbList","@id":"https:\/\/a2dv.pt\/pt-pt\/musica-de-camara-programas-de-estudos\/#breadcrumb","itemListElement":[{"@type":"ListItem","position":1,"name":"Home","item":"https:\/\/a2dv.pt\/"},{"@type":"ListItem","position":2,"name":"M\u00fasica de C\u00e2mara &#8211; Programas de Estudos"}]},{"@type":"WebSite","@id":"https:\/\/a2dv.pt\/#website","url":"https:\/\/a2dv.pt\/","name":"A2DV","description":"","publisher":{"@id":"https:\/\/a2dv.pt\/#organization"},"potentialAction":[{"@type":"SearchAction","target":{"@type":"EntryPoint","urlTemplate":"https:\/\/a2dv.pt\/?s={search_term_string}"},"query-input":"required name=search_term_string"}],"inLanguage":"pt-PT"},{"@type":"Organization","@id":"https:\/\/a2dv.pt\/#organization","name":"Academia Internacional de M\u00fasica - Aquiles delle Vigne","url":"https:\/\/a2dv.pt\/","logo":{"@type":"ImageObject","inLanguage":"pt-PT","@id":"https:\/\/a2dv.pt\/#\/schema\/logo\/image\/","url":"https:\/\/a2dv.pt\/wp-content\/uploads\/2019\/01\/logo_f-02.png","contentUrl":"https:\/\/a2dv.pt\/wp-content\/uploads\/2019\/01\/logo_f-02.png","width":1627,"height":779,"caption":"Academia Internacional de M\u00fasica - Aquiles delle Vigne"},"image":{"@id":"https:\/\/a2dv.pt\/#\/schema\/logo\/image\/"},"sameAs":["https:\/\/www.facebook.com\/Academia-Internacional-de-M\u00fasica-Aquiles-Delle-Vigne-272197376223717\/","https:\/\/www.youtube.com\/channel\/UCwKKuh8gcanEhlmmpDuAodw"]}]}},"_links":{"self":[{"href":"https:\/\/a2dv.pt\/pt-pt\/wp-json\/wp\/v2\/pages\/753"}],"collection":[{"href":"https:\/\/a2dv.pt\/pt-pt\/wp-json\/wp\/v2\/pages"}],"about":[{"href":"https:\/\/a2dv.pt\/pt-pt\/wp-json\/wp\/v2\/types\/page"}],"author":[{"embeddable":true,"href":"https:\/\/a2dv.pt\/pt-pt\/wp-json\/wp\/v2\/users\/1"}],"replies":[{"embeddable":true,"href":"https:\/\/a2dv.pt\/pt-pt\/wp-json\/wp\/v2\/comments?post=753"}],"version-history":[{"count":4,"href":"https:\/\/a2dv.pt\/pt-pt\/wp-json\/wp\/v2\/pages\/753\/revisions"}],"predecessor-version":[{"id":1887,"href":"https:\/\/a2dv.pt\/pt-pt\/wp-json\/wp\/v2\/pages\/753\/revisions\/1887"}],"wp:attachment":[{"href":"https:\/\/a2dv.pt\/pt-pt\/wp-json\/wp\/v2\/media?parent=753"}],"curies":[{"name":"wp","href":"https:\/\/api.w.org\/{rel}","templated":true}]}}